{"id":31,"date":"2019-12-28T08:35:41","date_gmt":"2019-12-28T08:35:41","guid":{"rendered":"http:\/\/www.gradinita14sibiu.ro\/?page_id=31"},"modified":"2020-03-02T13:24:38","modified_gmt":"2020-03-02T13:24:38","slug":"despre-noi","status":"publish","type":"page","link":"https:\/\/www.gradinita14sibiu.ro\/","title":{"rendered":"Despre noi"},"content":{"rendered":"<p><strong>\u00a0 \u00a0 \u00a0 \u00a0 \u00a0 \u00a0 \u00a0 \u00a0 \u00a0Gr\u0103dini\u021ba cu PP nr 14 Sibiu<\/strong> a primit aceast\u00e3 destina\u0163ie \u00een anul 1981. P\u00e2n\u00e3 la aceast\u00e3 dat\u00e3, acest imobil a avut destina\u0163ii diferite, \u00een raport cu institu\u0163iile \u00een subordinea c\u00e3rora s-a aflat: Baz\u00e3 de dez\u00e3pezire \u00een subordinea Direc\u0163iei Jude\u0163ene de Drumuri \u015fi Poduri, Local al Direc\u0163iei Sanitare a Jude\u0163ului Sibiu.<\/p>\n<p><img loading=\"lazy\" decoding=\"async\" class=\"alignleft wp-image-53\" src=\"http:\/\/www.gradinita14sibiu.ro\/wp-content\/uploads\/2019\/12\/Prezentare-Gradi.jpg\" alt=\"\" width=\"400\" height=\"300\" srcset=\"https:\/\/www.gradinita14sibiu.ro\/wp-content\/uploads\/2019\/12\/Prezentare-Gradi.jpg 652w, https:\/\/www.gradinita14sibiu.ro\/wp-content\/uploads\/2019\/12\/Prezentare-Gradi-300x225.jpg 300w\" sizes=\"auto, (max-width: 400px) 100vw, 400px\" \/><\/p>\n<p>Cu destina\u0163ia gr\u00e3dini\u0163\u00e3, acest imobil a fost mai \u00eent\u00e2i administrat de Grup \u015eantiere Sibiu, subordonat Ministerului Construc\u0163iilor Industriale. Din 1-01-1991, prin Protocolul \u00eencheiat conform H.G. 940\/1990 \u015fi a adresei comune a M.F. 2606\/5oct.1990 \u015fi M.I.S. 150048\/5oct 1990, Gr\u00e3dini\u0163a trece din administrarea \u015fi finan\u0163area H.C.I.-Sibiu la Ministerul \u00cenv\u00e3\u0163\u00e3m\u00e2ntului \u015fi \u015etiin\u0163ei. Conform Legii nr. 84\/1995, se \u00eent\u00e3buleaz\u00e3 dreptul de proprietate asupra imobilului compus din parter \u015fi etaj, \u00eenscris \u00een C.F.7974, cu nr.top. 11633\/1997, Inspectoratului \u015ecolar Jude\u0163ean Sibiu.<\/p>\n<p><strong>Climatul organiza\u0163iei<\/strong> este unul stimulativ, de toleran\u0163\u0103 \u015fi cooperare, dinamic \u015fi inovator, incluziv.<br \/>\nValorile dominante ce caracterizeaz\u0103 membrii sunt: responsabilitatea, cooperarea, generozitatea, munca in echip\u0103, \u00eencrederea \u015fi respectul fa\u0163\u0103 de copil si familia acestuia, devotamentul, libertatea de exprimare, receptivitatea \u015fi creativitatea, chiar dac\u0103 mai apar uneori manifest\u0103ri de conservatorism sau automul\u0163umire.<img loading=\"lazy\" decoding=\"async\" class=\"wp-image-124 alignright\" src=\"http:\/\/www.gradinita14sibiu.ro\/wp-content\/uploads\/2020\/01\/thumbnail-2.jpg\" alt=\"\" width=\"400\" height=\"300\" srcset=\"https:\/\/www.gradinita14sibiu.ro\/wp-content\/uploads\/2020\/01\/thumbnail-2.jpg 1080w, https:\/\/www.gradinita14sibiu.ro\/wp-content\/uploads\/2020\/01\/thumbnail-2-300x225.jpg 300w, https:\/\/www.gradinita14sibiu.ro\/wp-content\/uploads\/2020\/01\/thumbnail-2-1024x768.jpg 1024w, https:\/\/www.gradinita14sibiu.ro\/wp-content\/uploads\/2020\/01\/thumbnail-2-768x576.jpg 768w\" sizes=\"auto, (max-width: 400px) 100vw, 400px\" \/><br \/>\nRegulamentul de ordine interioara este elaborat, supus aten\u0163iei organiza\u0163iei si aprobat cuprinde norme privind activitatea pe diferite compartimente si comisii de lucru, precum si fi\u015fele posturilor pentru toate categoriile de personal.<\/p>\n<p>Un <strong>colectiv didactic cu o calificare foarte bun\u0103<\/strong> \u015fi tot mai stabil cu fiecare an care a trecut, \u00eentr-un context managerial coerent \u015fi \u00een mod clar orientat spre implementarea strategiilor de reform\u0103, a realizat un salt calitativ relativ rapid \u015fi evident \u00een planul ofertei educa\u0163ionale \u015fi al rezultatelor ob\u0163inute.<br \/>\nEducatoarele gr\u0103dini\u0163ei au fost \u0219i sunt preocupate de procesul educativ pe care \u00eel desf\u0103\u015foar\u0103 \u00een gr\u0103dini\u0163\u0103, de adoptarea celor mai eficiente metode, procedee \u015fi mijloace, cum ar fi: jocul liber, dirijat sau didactic, activit\u0103\u0163ile didactice alese sau de dezvoltare sau pe domenii, integrate \u015fi interdisciplinare.<\/p>\n<p><strong>\u00a0 \u00a0 \u00a0 \u00a0 \u00a0 \u00a0 \u00a0 <\/strong><\/p>\n","protected":false},"excerpt":{"rendered":"<p>\u00a0 \u00a0 \u00a0 \u00a0 \u00a0 \u00a0 \u00a0 \u00a0 \u00a0Gr\u0103dini\u021ba cu PP nr 14 Sibiu a primit aceast\u00e3 destina\u0163ie \u00een anul 1981. P\u00e2n\u00e3 la aceast\u00e3 dat\u00e3, acest imobil a avut destina\u0163ii diferite, \u00een raport cu institu\u0163iile \u00een subordinea c\u00e3rora s-a aflat: [&hellip;]<\/p>\n","protected":false},"author":1,"featured_media":0,"parent":0,"menu_order":0,"comment_status":"closed","ping_status":"closed","template":"","meta":{"footnotes":""},"class_list":["post-31","page","type-page","status-publish","hentry"],"aioseo_notices":[],"_links":{"self":[{"href":"https:\/\/www.gradinita14sibiu.ro\/index.php\/wp-json\/wp\/v2\/pages\/31","targetHints":{"allow":["GET"]}}],"collection":[{"href":"https:\/\/www.gradinita14sibiu.ro\/index.php\/wp-json\/wp\/v2\/pages"}],"about":[{"href":"https:\/\/www.gradinita14sibiu.ro\/index.php\/wp-json\/wp\/v2\/types\/page"}],"author":[{"embeddable":true,"href":"https:\/\/www.gradinita14sibiu.ro\/index.php\/wp-json\/wp\/v2\/users\/1"}],"replies":[{"embeddable":true,"href":"https:\/\/www.gradinita14sibiu.ro\/index.php\/wp-json\/wp\/v2\/comments?post=31"}],"version-history":[{"count":14,"href":"https:\/\/www.gradinita14sibiu.ro\/index.php\/wp-json\/wp\/v2\/pages\/31\/revisions"}],"predecessor-version":[{"id":170,"href":"https:\/\/www.gradinita14sibiu.ro\/index.php\/wp-json\/wp\/v2\/pages\/31\/revisions\/170"}],"wp:attachment":[{"href":"https:\/\/www.gradinita14sibiu.ro\/index.php\/wp-json\/wp\/v2\/media?parent=31"}],"curies":[{"name":"wp","href":"https:\/\/api.w.org\/{rel}","templated":true}]}}